{"id":56,"date":"2022-12-23T17:27:53","date_gmt":"2022-12-23T21:27:53","guid":{"rendered":"https:\/\/macorixweb.procitas.com\/?page_id=56"},"modified":"2023-05-29T14:53:14","modified_gmt":"2023-05-29T18:53:14","slug":"productos","status":"publish","type":"page","link":"https:\/\/macorixhouseofrum.com\/en\/productos\/","title":{"rendered":"Products"},"content":{"rendered":"<p>[et_pb_section fb_built=\u00bb1&#8243; _builder_version=\u00bb4.19.4&#8243; _module_preset=\u00bb588603d7-9a48-488a-b1cc-f0a926ebd8d8&#8243; background_image=\u00bbhttps:\/\/macorixhouseofrum.com\/wp-content\/uploads\/2023\/01\/Banner-Macorix-Familia-1920x500px.webp\u00bb custom_padding=\u00bb10.6%||10.6%||true|false\u00bb background_last_edited=\u00bbon|tablet\u00bb background_size_phone=\u00bbcontain\u00bb background_position_phone=\u00bbtop_center\u00bb global_colors_info=\u00bb{}\u00bb][et_pb_row _builder_version=\u00bb4.18.1&#8243; _module_preset=\u00bbdefault\u00bb global_colors_info=\u00bb{}\u00bb][et_pb_column type=\u00bb4_4&#8243; _builder_version=\u00bb4.18.1&#8243; _module_preset=\u00bbdefault\u00bb pac_dcm_carousel_specific_module_num=\u00bb0&#8243; global_colors_info=\u00bb{}\u00bb][et_pb_text _builder_version=\u00bb4.19.4&#8243; _module_preset=\u00bbdefault\u00bb text_font=\u00bbMontserrat||||||||\u00bb header_2_text_color=\u00bb#000000&#8243; global_colors_info=\u00bb{}\u00bb][\/et_pb_text][\/et_pb_column][\/et_pb_row][\/et_pb_section][et_pb_section fb_built=\u00bb1&#8243; _builder_version=\u00bb4.19.4&#8243; _module_preset=\u00bb66a5c102-b0c6-4f1a-bdf5-37a1842cfda3&#8243; global_colors_info=\u00bb{}\u00bb][et_pb_row column_structure=\u00bb1_4,1_4,1_4,1_4&#8243; _builder_version=\u00bb4.21.0&#8243; _module_preset=\u00bbdefault\u00bb hover_enabled=\u00bb0&#8243; global_colors_info=\u00bb{}\u00bb sticky_enabled=\u00bb0&#8243;][et_pb_column type=\u00bb1_4&#8243; _builder_version=\u00bb4.19.4&#8243; _module_preset=\u00bbdefault\u00bb pac_dcm_carousel_specific_module_num=\u00bb0&#8243; box_shadow_style=\u00bbpreset1&#8243; global_colors_info=\u00bb{}\u00bb][et_pb_image src=\u00bbhttps:\/\/macorixhouseofrum.com\/wp-content\/uploads\/2022\/12\/Macorix-Gran-Reserva-product.webp\u00bb title_text=\u00bbMacorix Gran Reserva product\u00bb _builder_version=\u00bb4.19.4&#8243; _module_preset=\u00bbdefault\u00bb enable_caption_text=\u00bbon\u00bb image_title_font=\u00bbBlairitc Light Macorix Light||||||||\u00bb image_caption_font=\u00bbBlairitc Light Macorix Light|600||on|||||\u00bb image_caption_color=\u00bb#000000&#8243; image_caption_alignment=\u00bbcenter\u00bb global_colors_info=\u00bb{}\u00bb][\/et_pb_image][et_pb_text _builder_version=\u00bb4.19.4&#8243; _dynamic_attributes=\u00bblink_option_url\u00bb _module_preset=\u00bbdefault\u00bb text_font=\u00bbBlairitc Medium Macorix Medium||||||||\u00bb text_text_color=\u00bb#FFFFFF\u00bb text_font_size=\u00bb15px\u00bb text_letter_spacing=\u00bb1px\u00bb background_color=\u00bb#9B2718&#8243; text_orientation=\u00bbcenter\u00bb custom_padding=\u00bb5%||5%||true|false\u00bb link_option_url=\u00bb@ET-DC@eyJkeW5hbWljIjp0cnVlLCJjb250ZW50IjoicG9zdF9saW5rX3VybF9wYWdlIiwic2V0dGluZ3MiOnsicG9zdF9pZCI6IjcxIn19@\u00bb global_colors_info=\u00bb{}\u00bb]<\/p>\n<p style=\"text-align: center;\"><span>LEARN MORE<\/span><\/p>\n<p>[\/et_pb_text][\/et_pb_column][et_pb_column type=\u00bb1_4&#8243; _builder_version=\u00bb4.19.4&#8243; _module_preset=\u00bbdefault\u00bb pac_dcm_carousel_specific_module_num=\u00bb0&#8243; box_shadow_style=\u00bbpreset1&#8243; global_colors_info=\u00bb{}\u00bb][et_pb_image src=\u00bbhttps:\/\/macorixhouseofrum.com\/wp-content\/uploads\/2022\/12\/Macorix-Rebel-product.webp\u00bb title_text=\u00bbMacorix Gran Reserva product\u00bb _builder_version=\u00bb4.19.4&#8243; _module_preset=\u00bbdefault\u00bb enable_caption_text=\u00bbon\u00bb image_title_font=\u00bbBlairitc Light Macorix Light||||||||\u00bb image_caption_font=\u00bbBlairitc Light Macorix Light|600||on|||||\u00bb image_caption_color=\u00bb#000000&#8243; image_caption_alignment=\u00bbcenter\u00bb global_colors_info=\u00bb{}\u00bb][\/et_pb_image][et_pb_text _builder_version=\u00bb4.19.4&#8243; _dynamic_attributes=\u00bblink_option_url\u00bb _module_preset=\u00bbdefault\u00bb text_font=\u00bbBlairitc Medium Macorix Medium||||||||\u00bb text_text_color=\u00bb#FFFFFF\u00bb text_font_size=\u00bb15px\u00bb text_letter_spacing=\u00bb1px\u00bb background_color=\u00bb#9B2718&#8243; text_orientation=\u00bbcenter\u00bb custom_padding=\u00bb5%||5%||true|false\u00bb link_option_url=\u00bb@ET-DC@eyJkeW5hbWljIjp0cnVlLCJjb250ZW50IjoicG9zdF9saW5rX3VybF9wYWdlIiwic2V0dGluZ3MiOnsicG9zdF9pZCI6Ijc1In19@\u00bb global_colors_info=\u00bb{}\u00bb]<\/p>\n<p style=\"text-align: center;\"><span>LEARN MORE<\/span><\/p>\n<p>[\/et_pb_text][\/et_pb_column][et_pb_column type=\u00bb1_4&#8243; disabled_on=\u00bboff|off|off\u00bb _builder_version=\u00bb4.21.0&#8243; _module_preset=\u00bbdefault\u00bb hover_enabled=\u00bb0&#8243; pac_dcm_carousel_specific_module_num=\u00bb0&#8243; box_shadow_style=\u00bbpreset1&#8243; global_colors_info=\u00bb{}\u00bb sticky_enabled=\u00bb0&#8243;][et_pb_image src=\u00bbhttps:\/\/macorixhouseofrum.com\/wp-content\/uploads\/2022\/12\/Anejo-Macorix-Product-page.webp\u00bb title_text=\u00bbMacorix Gran Reserva product\u00bb _builder_version=\u00bb4.19.3&#8243; _module_preset=\u00bbdefault\u00bb enable_caption_text=\u00bbon\u00bb image_title_font=\u00bbBlairitc Light Macorix Light||||||||\u00bb image_caption_font=\u00bbBlairitc Light Macorix Light|600||on|||||\u00bb image_caption_color=\u00bb#000000&#8243; image_caption_alignment=\u00bbcenter\u00bb global_colors_info=\u00bb{}\u00bb][\/et_pb_image][et_pb_text _builder_version=\u00bb4.19.4&#8243; _dynamic_attributes=\u00bblink_option_url\u00bb _module_preset=\u00bbdefault\u00bb text_font=\u00bbBlairitc Medium Macorix Medium||||||||\u00bb text_text_color=\u00bb#FFFFFF\u00bb text_font_size=\u00bb15px\u00bb text_letter_spacing=\u00bb1px\u00bb background_color=\u00bb#9B2718&#8243; text_orientation=\u00bbcenter\u00bb custom_padding=\u00bb5%||5%||true|false\u00bb link_option_url=\u00bb@ET-DC@eyJkeW5hbWljIjp0cnVlLCJjb250ZW50IjoicG9zdF9saW5rX3VybF9wYWdlIiwic2V0dGluZ3MiOnsicG9zdF9pZCI6IjkzIn19@\u00bb global_colors_info=\u00bb{}\u00bb]<\/p>\n<p style=\"text-align: center;\"><span>LEARN MORE<\/span><\/p>\n<p>[\/et_pb_text][\/et_pb_column][et_pb_column type=\u00bb1_4&#8243; disabled_on=\u00bboff|off|off\u00bb _builder_version=\u00bb4.21.0&#8243; _module_preset=\u00bbdefault\u00bb hover_enabled=\u00bb0&#8243; pac_dcm_carousel_specific_module_num=\u00bb0&#8243; box_shadow_style=\u00bbpreset1&#8243; global_colors_info=\u00bb{}\u00bb sticky_enabled=\u00bb0&#8243;][et_pb_image src=\u00bbhttps:\/\/macorixhouseofrum.com\/wp-content\/uploads\/2023\/05\/Ron-Macorix-Blanco-FINAL-botella.webp\u00bb title_text=\u00bbRon Macorix Blanco FINAL botella\u00bb _builder_version=\u00bb4.20.4&#8243; _module_preset=\u00bbdefault\u00bb hover_enabled=\u00bb0&#8243; enable_caption_text=\u00bbon\u00bb image_title_font=\u00bbBlairitc Light Macorix Light||||||||\u00bb image_caption_font=\u00bbBlairitc Light Macorix Light|600||on|||||\u00bb image_caption_color=\u00bb#000000&#8243; image_caption_alignment=\u00bbcenter\u00bb global_colors_info=\u00bb{}\u00bb sticky_enabled=\u00bb0&#8243;][\/et_pb_image][et_pb_text _builder_version=\u00bb4.20.4&#8243; _dynamic_attributes=\u00bblink_option_url\u00bb _module_preset=\u00bbdefault\u00bb text_font=\u00bbBlairitc Medium Macorix Medium||||||||\u00bb text_text_color=\u00bb#FFFFFF\u00bb text_font_size=\u00bb15px\u00bb text_letter_spacing=\u00bb1px\u00bb background_color=\u00bb#9B2718&#8243; text_orientation=\u00bbcenter\u00bb custom_padding=\u00bb5%||5%||true|false\u00bb link_option_url=\u00bb@ET-DC@eyJkeW5hbWljIjp0cnVlLCJjb250ZW50IjoicG9zdF9saW5rX3VybF9wYWdlIiwic2V0dGluZ3MiOnsicG9zdF9pZCI6IjI0NzY1MSJ9fQ==@\u00bb global_colors_info=\u00bb{}\u00bb]<\/p>\n<p style=\"text-align: center;\"><span>LEARN MORE<\/span><\/p>\n<p>[\/et_pb_text][\/et_pb_column][\/et_pb_row][et_pb_row column_structure=\u00bb1_4,1_4,1_4,1_4&#8243; _builder_version=\u00bb4.19.4&#8243; _module_preset=\u00bbdefault\u00bb global_colors_info=\u00bb{}\u00bb][et_pb_column type=\u00bb1_4&#8243; _builder_version=\u00bb4.19.4&#8243; _module_preset=\u00bbdefault\u00bb pac_dcm_carousel_specific_module_num=\u00bb0&#8243; box_shadow_style=\u00bbpreset1&#8243; global_colors_info=\u00bb{}\u00bb][et_pb_image src=\u00bbhttps:\/\/macorixhouseofrum.com\/wp-content\/uploads\/2022\/12\/Macorix-Mamajuana-product.webp\u00bb title_text=\u00bbMacorix Gran Reserva product\u00bb _builder_version=\u00bb4.19.4&#8243; _module_preset=\u00bbdefault\u00bb enable_caption_text=\u00bbon\u00bb image_title_font=\u00bbBlairitc Light Macorix Light||||||||\u00bb image_caption_font=\u00bbBlairitc Light Macorix Light|600||on|||||\u00bb image_caption_color=\u00bb#000000&#8243; image_caption_alignment=\u00bbcenter\u00bb global_colors_info=\u00bb{}\u00bb][\/et_pb_image][et_pb_text _builder_version=\u00bb4.19.4&#8243; _dynamic_attributes=\u00bblink_option_url\u00bb _module_preset=\u00bbdefault\u00bb text_font=\u00bbBlairitc Medium Macorix Medium||||||||\u00bb text_text_color=\u00bb#FFFFFF\u00bb text_font_size=\u00bb15px\u00bb text_letter_spacing=\u00bb1px\u00bb background_color=\u00bb#9B2718&#8243; text_orientation=\u00bbcenter\u00bb custom_padding=\u00bb5%||5%||true|false\u00bb link_option_url=\u00bb@ET-DC@eyJkeW5hbWljIjp0cnVlLCJjb250ZW50IjoicG9zdF9saW5rX3VybF9wYWdlIiwic2V0dGluZ3MiOnsicG9zdF9pZCI6IjczIn19@\u00bb global_colors_info=\u00bb{}\u00bb]<\/p>\n<p style=\"text-align: center;\"><span>LEARN MORE<\/span><\/p>\n<p>[\/et_pb_text][\/et_pb_column][et_pb_column type=\u00bb1_4&#8243; _builder_version=\u00bb4.19.4&#8243; _module_preset=\u00bbdefault\u00bb pac_dcm_carousel_specific_module_num=\u00bb0&#8243; box_shadow_style=\u00bbpreset1&#8243; global_colors_info=\u00bb{}\u00bb][et_pb_image src=\u00bbhttps:\/\/macorixhouseofrum.com\/wp-content\/uploads\/2022\/12\/RON-MACORIX-Appletini-product.webp\u00bb title_text=\u00bbMacorix Gran Reserva product\u00bb _builder_version=\u00bb4.19.4&#8243; _module_preset=\u00bbdefault\u00bb enable_caption_text=\u00bbon\u00bb image_title_font=\u00bbBlairitc Light Macorix Light||||||||\u00bb image_caption_font=\u00bbBlairitc Light Macorix Light|600||on|||||\u00bb image_caption_color=\u00bb#000000&#8243; image_caption_alignment=\u00bbcenter\u00bb global_colors_info=\u00bb{}\u00bb][\/et_pb_image][et_pb_text _builder_version=\u00bb4.19.4&#8243; _dynamic_attributes=\u00bblink_option_url\u00bb _module_preset=\u00bbdefault\u00bb text_font=\u00bbBlairitc Medium Macorix Medium||||||||\u00bb text_text_color=\u00bb#FFFFFF\u00bb text_font_size=\u00bb15px\u00bb text_letter_spacing=\u00bb1px\u00bb background_color=\u00bb#9B2718&#8243; text_orientation=\u00bbcenter\u00bb custom_padding=\u00bb5%||5%||true|false\u00bb link_option_url=\u00bb@ET-DC@eyJkeW5hbWljIjp0cnVlLCJjb250ZW50IjoicG9zdF9saW5rX3VybF9wYWdlIiwic2V0dGluZ3MiOnsicG9zdF9pZCI6Ijc3In19@\u00bb global_colors_info=\u00bb{}\u00bb]<\/p>\n<p style=\"text-align: center;\"><span>LEARN MORE<\/span><\/p>\n<p>[\/et_pb_text][\/et_pb_column][et_pb_column type=\u00bb1_4&#8243; _builder_version=\u00bb4.19.4&#8243; _module_preset=\u00bbdefault\u00bb pac_dcm_carousel_specific_module_num=\u00bb0&#8243; box_shadow_style=\u00bbpreset1&#8243; global_colors_info=\u00bb{}\u00bb][et_pb_image src=\u00bbhttps:\/\/macorixhouseofrum.com\/wp-content\/uploads\/2022\/12\/RON-MACORIX-coco-splash-product.webp\u00bb title_text=\u00bbMacorix Gran Reserva product\u00bb _builder_version=\u00bb4.19.4&#8243; _module_preset=\u00bbdefault\u00bb enable_caption_text=\u00bbon\u00bb image_title_font=\u00bbBlairitc Light Macorix Light||||||||\u00bb image_caption_font=\u00bbBlairitc Light Macorix Light|600||on|||||\u00bb image_caption_color=\u00bb#000000&#8243; image_caption_alignment=\u00bbcenter\u00bb global_colors_info=\u00bb{}\u00bb][\/et_pb_image][et_pb_text _builder_version=\u00bb4.19.4&#8243; _dynamic_attributes=\u00bblink_option_url\u00bb _module_preset=\u00bbdefault\u00bb text_font=\u00bbBlairitc Medium Macorix Medium||||||||\u00bb text_text_color=\u00bb#FFFFFF\u00bb text_font_size=\u00bb15px\u00bb text_letter_spacing=\u00bb1px\u00bb background_color=\u00bb#9B2718&#8243; text_orientation=\u00bbcenter\u00bb custom_padding=\u00bb5%||5%||true|false\u00bb link_option_url=\u00bb@ET-DC@eyJkeW5hbWljIjp0cnVlLCJjb250ZW50IjoicG9zdF9saW5rX3VybF9wYWdlIiwic2V0dGluZ3MiOnsicG9zdF9pZCI6Ijc5In19@\u00bb global_colors_info=\u00bb{}\u00bb]<\/p>\n<p style=\"text-align: center;\"><span>LEARN MORE<\/span><\/p>\n<p>[\/et_pb_text][\/et_pb_column][et_pb_column type=\u00bb1_4&#8243; _builder_version=\u00bb4.19.4&#8243; _module_preset=\u00bbdefault\u00bb pac_dcm_carousel_specific_module_num=\u00bb0&#8243; box_shadow_style=\u00bbpreset1&#8243; global_colors_info=\u00bb{}\u00bb][et_pb_image src=\u00bbhttps:\/\/macorixhouseofrum.com\/wp-content\/uploads\/2022\/12\/Ron-macorix-pina.webp\u00bb title_text=\u00bbMacorix Gran Reserva product\u00bb _builder_version=\u00bb4.19.4&#8243; _module_preset=\u00bbdefault\u00bb enable_caption_text=\u00bbon\u00bb image_title_font=\u00bbBlairitc Light Macorix Light||||||||\u00bb image_caption_font=\u00bbBlairitc Light Macorix Light|600||on|||||\u00bb image_caption_color=\u00bb#000000&#8243; image_caption_alignment=\u00bbcenter\u00bb global_colors_info=\u00bb{}\u00bb][\/et_pb_image][et_pb_text _builder_version=\u00bb4.19.4&#8243; _dynamic_attributes=\u00bblink_option_url\u00bb _module_preset=\u00bbdefault\u00bb text_font=\u00bbBlairitc Medium Macorix Medium||||||||\u00bb text_text_color=\u00bb#FFFFFF\u00bb text_font_size=\u00bb15px\u00bb text_letter_spacing=\u00bb1px\u00bb background_color=\u00bb#9B2718&#8243; text_orientation=\u00bbcenter\u00bb custom_padding=\u00bb5%||5%||true|false\u00bb link_option_url=\u00bb@ET-DC@eyJkeW5hbWljIjp0cnVlLCJjb250ZW50IjoicG9zdF9saW5rX3VybF9wYWdlIiwic2V0dGluZ3MiOnsicG9zdF9pZCI6IjgxIn19@\u00bb global_colors_info=\u00bb{}\u00bb]<\/p>\n<p style=\"text-align: center;\"><span>LEARN MORE<\/span><\/p>\n<p>[\/et_pb_text][\/et_pb_column][\/et_pb_row][et_pb_row column_structure=\u00bb1_4,1_4,1_4,1_4&#8243; _builder_version=\u00bb4.20.4&#8243; _module_preset=\u00bbdefault\u00bb global_colors_info=\u00bb{}\u00bb][et_pb_column type=\u00bb1_4&#8243; _builder_version=\u00bb4.19.4&#8243; _module_preset=\u00bbdefault\u00bb pac_dcm_carousel_specific_module_num=\u00bb0&#8243; box_shadow_style=\u00bbpreset1&#8243; global_colors_info=\u00bb{}\u00bb][et_pb_image src=\u00bbhttps:\/\/macorixhouseofrum.com\/wp-content\/uploads\/2023\/05\/Ron-Macorix-Agua-de-Coco-Botella.webp\u00bb title_text=\u00bbRon Macorix Agua de Coco Botella\u00bb _builder_version=\u00bb4.20.4&#8243; _module_preset=\u00bbdefault\u00bb enable_caption_text=\u00bbon\u00bb image_title_font=\u00bbBlairitc Light Macorix Light||||||||\u00bb image_caption_font=\u00bbBlairitc Light Macorix Light|600||on|||||\u00bb image_caption_color=\u00bb#000000&#8243; image_caption_alignment=\u00bbcenter\u00bb global_colors_info=\u00bb{}\u00bb][\/et_pb_image][et_pb_text _builder_version=\u00bb4.20.4&#8243; _dynamic_attributes=\u00bblink_option_url\u00bb _module_preset=\u00bbdefault\u00bb text_font=\u00bbBlairitc Medium Macorix Medium||||||||\u00bb text_text_color=\u00bb#FFFFFF\u00bb text_font_size=\u00bb15px\u00bb text_letter_spacing=\u00bb1px\u00bb background_color=\u00bb#9B2718&#8243; text_orientation=\u00bbcenter\u00bb custom_padding=\u00bb5%||5%||true|false\u00bb link_option_url=\u00bb@ET-DC@eyJkeW5hbWljIjp0cnVlLCJjb250ZW50IjoicG9zdF9saW5rX3VybF9wYWdlIiwic2V0dGluZ3MiOnsicG9zdF9pZCI6IjI0NzY4MiJ9fQ==@\u00bb global_colors_info=\u00bb{}\u00bb]<\/p>\n<p style=\"text-align: center;\"><span>LEARN MORE<\/span><\/p>\n<p>[\/et_pb_text][\/et_pb_column][et_pb_column type=\u00bb1_4&#8243; _builder_version=\u00bb4.19.4&#8243; _module_preset=\u00bbdefault\u00bb pac_dcm_carousel_specific_module_num=\u00bb0&#8243; box_shadow_style=\u00bbpreset1&#8243; global_colors_info=\u00bb{}\u00bb][\/et_pb_column][et_pb_column type=\u00bb1_4&#8243; _builder_version=\u00bb4.19.4&#8243; _module_preset=\u00bbdefault\u00bb pac_dcm_carousel_specific_module_num=\u00bb0&#8243; box_shadow_style=\u00bbpreset1&#8243; global_colors_info=\u00bb{}\u00bb][\/et_pb_column][et_pb_column type=\u00bb1_4&#8243; _builder_version=\u00bb4.19.4&#8243; _module_preset=\u00bbdefault\u00bb pac_dcm_carousel_specific_module_num=\u00bb0&#8243; box_shadow_style=\u00bbpreset1&#8243; global_colors_info=\u00bb{}\u00bb][\/et_pb_column][\/et_pb_row][\/et_pb_section]<\/p>","protected":false},"excerpt":{"rendered":"<p>SABER M\u00c1SSABER M\u00c1SSABER M\u00c1SSABER M\u00c1SSABER M\u00c1SSABER M\u00c1SSABER M\u00c1SSABER M\u00c1SSABER M\u00c1S<\/p>","protected":false},"author":3,"featured_media":0,"parent":0,"menu_order":0,"comment_status":"closed","ping_status":"closed","template":"","meta":{"_et_pb_use_builder":"on","_et_pb_old_content":"","_et_gb_content_width":"","footnotes":""},"class_list":["post-56","page","type-page","status-publish","hentry"],"_links":{"self":[{"href":"https:\/\/macorixhouseofrum.com\/en\/wp-json\/wp\/v2\/pages\/56","targetHints":{"allow":["GET"]}}],"collection":[{"href":"https:\/\/macorixhouseofrum.com\/en\/wp-json\/wp\/v2\/pages"}],"about":[{"href":"https:\/\/macorixhouseofrum.com\/en\/wp-json\/wp\/v2\/types\/page"}],"author":[{"embeddable":true,"href":"https:\/\/macorixhouseofrum.com\/en\/wp-json\/wp\/v2\/users\/3"}],"replies":[{"embeddable":true,"href":"https:\/\/macorixhouseofrum.com\/en\/wp-json\/wp\/v2\/comments?post=56"}],"version-history":[{"count":71,"href":"https:\/\/macorixhouseofrum.com\/en\/wp-json\/wp\/v2\/pages\/56\/revisions"}],"predecessor-version":[{"id":247733,"href":"https:\/\/macorixhouseofrum.com\/en\/wp-json\/wp\/v2\/pages\/56\/revisions\/247733"}],"wp:attachment":[{"href":"https:\/\/macorixhouseofrum.com\/en\/wp-json\/wp\/v2\/media?parent=56"}],"curies":[{"name":"wp","href":"https:\/\/api.w.org\/{rel}","templated":true}]}}