{"id":79,"date":"2022-12-23T17:38:32","date_gmt":"2022-12-23T21:38:32","guid":{"rendered":"https:\/\/macorixweb.procitas.com\/?page_id=79"},"modified":"2023-05-24T15:37:34","modified_gmt":"2023-05-24T19:37:34","slug":"ron-coco-splash","status":"publish","type":"page","link":"https:\/\/macorixhouseofrum.com\/en\/ron-coco-splash\/","title":{"rendered":"RON coco splash"},"content":{"rendered":"<p>[et_pb_section fb_built=\u00bb1&#8243; _builder_version=\u00bb4.19.4&#8243; _module_preset=\u00bb588603d7-9a48-488a-b1cc-f0a926ebd8d8&#8243; background_image=\u00bbhttps:\/\/macorixhouseofrum.com\/wp-content\/uploads\/2023\/01\/Banner-Macorix-Sabores-1920x500px.webp\u00bb custom_padding=\u00bb10.6%||10.6%||true|false\u00bb background_last_edited=\u00bbon|tablet\u00bb background_size_phone=\u00bbcontain\u00bb background_position_phone=\u00bbtop_center\u00bb global_colors_info=\u00bb{}\u00bb][et_pb_row _builder_version=\u00bb4.18.1&#8243; _module_preset=\u00bbdefault\u00bb global_colors_info=\u00bb{}\u00bb][et_pb_column type=\u00bb4_4&#8243; _builder_version=\u00bb4.18.1&#8243; _module_preset=\u00bbdefault\u00bb pac_dcm_carousel_specific_module_num=\u00bb0&#8243; global_colors_info=\u00bb{}\u00bb][et_pb_text _builder_version=\u00bb4.19.4&#8243; _module_preset=\u00bbdefault\u00bb text_font=\u00bbMontserrat||||||||\u00bb header_2_text_color=\u00bb#000000&#8243; global_colors_info=\u00bb{}\u00bb][\/et_pb_text][\/et_pb_column][\/et_pb_row][\/et_pb_section][et_pb_section fb_built=\u00bb1&#8243; _builder_version=\u00bb4.20.4&#8243; _module_preset=\u00bb588603d7-9a48-488a-b1cc-f0a926ebd8d8&#8243; background_color=\u00bb#000808&#8243; global_colors_info=\u00bb{}\u00bb][et_pb_row column_structure=\u00bb1_4,1_2,1_4&#8243; _builder_version=\u00bb4.18.1&#8243; _module_preset=\u00bbdefault\u00bb width=\u00bb100%\u00bb max_width=\u00bb80%\u00bb module_alignment=\u00bbcenter\u00bb custom_margin=\u00bb|0px||0px|false|true\u00bb custom_padding=\u00bb|0px|0px|0px|false|true\u00bb global_colors_info=\u00bb{}\u00bb][et_pb_column type=\u00bb1_4&#8243; _builder_version=\u00bb4.18.1&#8243; _module_preset=\u00bbdefault\u00bb pac_dcm_carousel_specific_module_num=\u00bb0&#8243; global_colors_info=\u00bb{}\u00bb][et_pb_image src=\u00bbhttps:\/\/macorixhouseofrum.com\/wp-content\/uploads\/2022\/12\/RON-MACORIX-coco-splash.png\u00bb title_text=\u00bbRON-MACORIX-coco-splash\u00bb _builder_version=\u00bb4.19.3&#8243; _module_preset=\u00bbdefault\u00bb width=\u00bb100%\u00bb width_tablet=\u00bb22%\u00bb width_phone=\u00bb30%\u00bb width_last_edited=\u00bbon|tablet\u00bb max_width=\u00bb100%\u00bb module_alignment=\u00bbcenter\u00bb custom_margin=\u00bb||||false|false\u00bb custom_padding=\u00bb||0px|0px|false|false\u00bb global_colors_info=\u00bb{}\u00bb][\/et_pb_image][\/et_pb_column][et_pb_column type=\u00bb1_2&#8243; _builder_version=\u00bb4.18.1&#8243; _module_preset=\u00bbdefault\u00bb pac_dcm_carousel_specific_module_num=\u00bb0&#8243; global_colors_info=\u00bb{}\u00bb][et_pb_text _builder_version=\u00bb4.20.4&#8243; _module_preset=\u00bbdefault\u00bb text_font=\u00bbAlata||||||||\u00bb text_text_color=\u00bb#ededed\u00bb text_line_height=\u00bb1.6em\u00bb header_3_font=\u00bbBlairitc Bold Macorix Bold||||||||\u00bb header_3_text_color=\u00bb#FFFFFF\u00bb text_orientation=\u00bbcenter\u00bb width_tablet=\u00bb\u00bb width_phone=\u00bb100%\u00bb width_last_edited=\u00bbon|desktop\u00bb max_width=\u00bb100%\u00bb module_alignment=\u00bbcenter\u00bb min_height_tablet=\u00bb\u00bb min_height_phone=\u00bb\u00bb min_height_last_edited=\u00bbon|phone\u00bb custom_padding=\u00bb10.8%||||false|false\u00bb custom_padding_tablet=\u00bb15%||||false|false\u00bb custom_padding_phone=\u00bb8%||||false|false\u00bb custom_padding_last_edited=\u00bbon|phone\u00bb module_alignment_last_edited=\u00bboff|desktop\u00bb global_colors_info=\u00bb{}\u00bb]<\/p>\n<h3 style=\"text-align: center;\">Description<\/h3>\n<p>&nbsp;<\/p>\n<p>A blend of selected triple distilled sugar cane alcohols, delicately combined with the exceptional properties and characteristic flavor of coconut mass.<\/p>\n<p>Light, delicate and creamy, Macorix Coco Splash is the taste of fresh coconut, its natural fruit flavors blend perfectly with any cocktail.<\/p>\n<p><span>\u00a0<strong>Color<\/strong>: Macorix Coco Splash is characterized by its crystalline white color.<\/span><\/p>\n<p><span>\u00a0<strong>Smell<\/strong>: It is an exquisitely aromatic drink. On the nose, the notes focus on the sweet smell of Caribbean coconut and flashes of vanilla. It brings to mind the soft breezes of the sea and the characteristic warmth of the Caribbean beaches. <\/span><\/p>\n<p><span><br \/><strong>Flavor<\/strong>: Smooth, natural and light-bodied flavor. Low fat and sweet with a fast finish.<br \/><\/span><\/p>\n<p>[\/et_pb_text][\/et_pb_column][et_pb_column type=\u00bb1_4&#8243; _builder_version=\u00bb4.18.1&#8243; _module_preset=\u00bbdefault\u00bb pac_dcm_carousel_specific_module_num=\u00bb0&#8243; global_colors_info=\u00bb{}\u00bb][\/et_pb_column][\/et_pb_row][\/et_pb_section][et_pb_section fb_built=\u00bb1&#8243; _builder_version=\u00bb4.20.4&#8243; _module_preset=\u00bb588603d7-9a48-488a-b1cc-f0a926ebd8d8&#8243; background_color=\u00bb#000808&#8243; transform_scale_tablet=\u00bb\u00bb transform_scale_phone=\u00bb\u00bb transform_scale_last_edited=\u00bbon|desktop\u00bb transform_translate=\u00bb-4px|-163px\u00bb transform_translate_tablet=\u00bb-4px|-163px\u00bb transform_translate_phone=\u00bb0px|-67px\u00bb transform_translate_last_edited=\u00bbon|phone\u00bb transform_translate_linked_phone=\u00bboff\u00bb transform_rotate_tablet=\u00bb\u00bb transform_rotate_phone=\u00bb\u00bb transform_rotate_last_edited=\u00bbon|desktop\u00bb transform_skew_tablet=\u00bb\u00bb transform_skew_phone=\u00bb\u00bb transform_skew_last_edited=\u00bbon|desktop\u00bb transform_origin_tablet=\u00bb\u00bb transform_origin_phone=\u00bb\u00bb transform_origin_last_edited=\u00bbon|desktop\u00bb transform_styles_last_edited=\u00bbon|phone\u00bb custom_margin=\u00bb200px||||false|false\u00bb custom_margin_tablet=\u00bb0px||||false|false\u00bb custom_margin_phone=\u00bb0px||||false|false\u00bb custom_margin_last_edited=\u00bbon|tablet\u00bb custom_padding=\u00bb||||false|false\u00bb transform_styles_tablet=\u00bb\u00bb transform_styles_phone=\u00bb\u00bb global_colors_info=\u00bb{}\u00bb][et_pb_row use_custom_gutter=\u00bbon\u00bb gutter_width=\u00bb1&#8243; custom_padding_last_edited=\u00bbon|phone\u00bb disabled_on=\u00bbon|on|off\u00bb _builder_version=\u00bb4.19.4&#8243; _module_preset=\u00bbdefault\u00bb width=\u00bb40%\u00bb max_width=\u00bb100%\u00bb module_alignment=\u00bbcenter\u00bb custom_margin=\u00bb0px|0px|0px|0px|true|true\u00bb custom_padding=\u00bb0px||0px|0px|true|false\u00bb custom_padding_tablet=\u00bb0px|126px|0px|0px|true|false\u00bb custom_padding_phone=\u00bb0px|0px|0px|0px|true|false\u00bb global_colors_info=\u00bb{}\u00bb][et_pb_column type=\u00bb4_4&#8243; _builder_version=\u00bb4.18.1&#8243; _module_preset=\u00bbdefault\u00bb pac_dcm_carousel_specific_module_num=\u00bb0&#8243; global_colors_info=\u00bb{}\u00bb][et_pb_divider color=\u00bb#DD472A\u00bb divider_weight=\u00bb1px\u00bb _builder_version=\u00bb4.18.1&#8243; _module_preset=\u00bbdefault\u00bb width=\u00bb100%\u00bb max_width=\u00bb100%\u00bb module_alignment=\u00bbcenter\u00bb custom_margin=\u00bb|0px||0px|false|false\u00bb custom_padding=\u00bb|0px||0px|false|false\u00bb global_colors_info=\u00bb{}\u00bb][\/et_pb_divider][\/et_pb_column][\/et_pb_row][et_pb_row column_structure=\u00bb1_5,1_5,1_5,1_5,1_5&#8243; custom_padding_last_edited=\u00bbon|phone\u00bb disabled_on=\u00bboff|on|off\u00bb _builder_version=\u00bb4.18.1&#8243; _module_preset=\u00bbdefault\u00bb width=\u00bb60%\u00bb width_tablet=\u00bb46%\u00bb width_phone=\u00bb37%\u00bb width_last_edited=\u00bbon|phone\u00bb custom_padding=\u00bb|10em||0px|false|false\u00bb custom_padding_tablet=\u00bb|5em||0px|false|false\u00bb custom_padding_phone=\u00bb|0em|||false|false\u00bb global_colors_info=\u00bb{}\u00bb][et_pb_column type=\u00bb1_5&#8243; _builder_version=\u00bb4.18.1&#8243; _module_preset=\u00bbdefault\u00bb pac_dcm_carousel_specific_module_num=\u00bb0&#8243; global_colors_info=\u00bb{}\u00bb][\/et_pb_column][et_pb_column type=\u00bb1_5&#8243; _builder_version=\u00bb4.18.1&#8243; _module_preset=\u00bbdefault\u00bb pac_dcm_carousel_specific_module_num=\u00bb0&#8243; global_colors_info=\u00bb{}\u00bb][et_pb_blurb title=\u00bbBotellas\u00bb image=\u00bbhttps:\/\/macorixhouseofrum.com\/wp-content\/uploads\/2022\/12\/bottle.svg\u00bb image_icon_width=\u00bb60%\u00bb _builder_version=\u00bb4.20.4&#8243; _module_preset=\u00bbdefault\u00bb header_text_align=\u00bbcenter\u00bb header_text_color=\u00bb#ededed\u00bb header_font_size=\u00bb18px\u00bb body_text_color=\u00bb#ededed\u00bb global_colors_info=\u00bb{}\u00bb]<\/p>\n<p style=\"text-align: center;\">700 ml 750 ml<\/p>\n<p>[\/et_pb_blurb][\/et_pb_column][et_pb_column type=\u00bb1_5&#8243; _builder_version=\u00bb4.18.1&#8243; _module_preset=\u00bbdefault\u00bb pac_dcm_carousel_specific_module_num=\u00bb0&#8243; global_colors_info=\u00bb{}\u00bb][et_pb_blurb title=\u00bbAlcohol proof\u00bb image=\u00bbhttps:\/\/macorixhouseofrum.com\/wp-content\/uploads\/2022\/12\/alc-bottle.svg\u00bb image_icon_width=\u00bb60%\u00bb _builder_version=\u00bb4.19.3&#8243; _module_preset=\u00bbdefault\u00bb header_text_align=\u00bbcenter\u00bb header_text_color=\u00bb#ededed\u00bb header_font_size=\u00bb18px\u00bb body_text_color=\u00bb#ededed\u00bb global_colors_info=\u00bb{}\u00bb]<\/p>\n<p style=\"text-align: center;\">56 proof.<\/p>\n<p>[\/et_pb_blurb][\/et_pb_column][et_pb_column type=\u00bb1_5&#8243; _builder_version=\u00bb4.18.1&#8243; _module_preset=\u00bbdefault\u00bb pac_dcm_carousel_specific_module_num=\u00bb0&#8243; global_colors_info=\u00bb{}\u00bb][et_pb_blurb title=\u00bbSabor\u00bb image=\u00bbhttps:\/\/macorixhouseofrum.com\/wp-content\/uploads\/2022\/12\/coconut-and-a-half.svg\u00bb image_icon_width=\u00bb60%\u00bb _builder_version=\u00bb4.19.3&#8243; _module_preset=\u00bbdefault\u00bb header_text_align=\u00bbcenter\u00bb header_text_color=\u00bb#ededed\u00bb header_font_size=\u00bb18px\u00bb body_text_color=\u00bb#ededed\u00bb global_colors_info=\u00bb{}\u00bb]<\/p>\n<p style=\"text-align: center;\">Coconut<\/p>\n<p>[\/et_pb_blurb][\/et_pb_column][et_pb_column type=\u00bb1_5&#8243; _builder_version=\u00bb4.18.1&#8243; _module_preset=\u00bbdefault\u00bb pac_dcm_carousel_specific_module_num=\u00bb0&#8243; global_colors_info=\u00bb{}\u00bb][et_pb_blurb title=\u00bbAlc\/Vol\u00bb image=\u00bbhttps:\/\/macorixhouseofrum.com\/wp-content\/uploads\/2022\/12\/AVB.svg\u00bb image_icon_width=\u00bb60%\u00bb _builder_version=\u00bb4.19.3&#8243; _module_preset=\u00bbdefault\u00bb header_text_align=\u00bbcenter\u00bb header_text_color=\u00bb#ededed\u00bb header_font_size=\u00bb18px\u00bb body_text_color=\u00bb#ededed\u00bb global_colors_info=\u00bb{}\u00bb]<\/p>\n<p style=\"text-align: center;\">28%<\/p>\n<p>[\/et_pb_blurb][\/et_pb_column][\/et_pb_row][et_pb_row column_structure=\u00bb1_4,1_4,1_4,1_4&#8243; disabled_on=\u00bbon|off|on\u00bb _builder_version=\u00bb4.18.1&#8243; _module_preset=\u00bbdefault\u00bb width=\u00bb46%\u00bb width_tablet=\u00bb46%\u00bb width_phone=\u00bb100%\u00bb width_last_edited=\u00bbon|phone\u00bb custom_padding=\u00bb|0px||0px|false|false\u00bb global_colors_info=\u00bb{}\u00bb][et_pb_column type=\u00bb1_4&#8243; _builder_version=\u00bb4.18.1&#8243; _module_preset=\u00bbdefault\u00bb pac_dcm_carousel_specific_module_num=\u00bb0&#8243; global_colors_info=\u00bb{}\u00bb][et_pb_blurb title=\u00bbBotellas\u00bb image=\u00bbhttps:\/\/macorixhouseofrum.com\/wp-content\/uploads\/2022\/12\/bottle.svg\u00bb image_icon_width=\u00bb60%\u00bb _builder_version=\u00bb4.19.3&#8243; _module_preset=\u00bbdefault\u00bb header_text_align=\u00bbcenter\u00bb header_text_color=\u00bb#ededed\u00bb header_font_size=\u00bb18px\u00bb body_text_color=\u00bb#ededed\u00bb global_colors_info=\u00bb{}\u00bb]<\/p>\n<p style=\"text-align: center;\">700 ml 750 ml<\/p>\n<p>[\/et_pb_blurb][\/et_pb_column][et_pb_column type=\u00bb1_4&#8243; _builder_version=\u00bb4.18.1&#8243; _module_preset=\u00bbdefault\u00bb pac_dcm_carousel_specific_module_num=\u00bb0&#8243; global_colors_info=\u00bb{}\u00bb][et_pb_blurb title=\u00bbAlcohol proof\u00bb image=\u00bbhttps:\/\/macorixhouseofrum.com\/wp-content\/uploads\/2022\/12\/alc-bottle.svg\u00bb image_icon_width=\u00bb60%\u00bb _builder_version=\u00bb4.19.3&#8243; _module_preset=\u00bbdefault\u00bb header_text_align=\u00bbcenter\u00bb header_text_color=\u00bb#ededed\u00bb header_font_size=\u00bb18px\u00bb body_text_color=\u00bb#ededed\u00bb global_colors_info=\u00bb{}\u00bb]<\/p>\n<p style=\"text-align: center;\">56 proof.<\/p>\n<p>[\/et_pb_blurb][\/et_pb_column][et_pb_column type=\u00bb1_4&#8243; _builder_version=\u00bb4.18.1&#8243; _module_preset=\u00bbdefault\u00bb pac_dcm_carousel_specific_module_num=\u00bb0&#8243; global_colors_info=\u00bb{}\u00bb][et_pb_blurb title=\u00bbSabor\u00bb image=\u00bbhttps:\/\/macorixhouseofrum.com\/wp-content\/uploads\/2022\/12\/coconut-and-a-half.svg\u00bb image_icon_width=\u00bb60%\u00bb _builder_version=\u00bb4.19.3&#8243; _module_preset=\u00bbdefault\u00bb header_text_align=\u00bbcenter\u00bb header_text_color=\u00bb#ededed\u00bb header_font_size=\u00bb18px\u00bb body_text_color=\u00bb#ededed\u00bb global_colors_info=\u00bb{}\u00bb]<\/p>\n<p style=\"text-align: center;\">Coconut<\/p>\n<p>[\/et_pb_blurb][\/et_pb_column][et_pb_column type=\u00bb1_4&#8243; _builder_version=\u00bb4.18.1&#8243; _module_preset=\u00bbdefault\u00bb pac_dcm_carousel_specific_module_num=\u00bb0&#8243; global_colors_info=\u00bb{}\u00bb][et_pb_blurb title=\u00bbAlc\/Vol\u00bb image=\u00bbhttps:\/\/macorixhouseofrum.com\/wp-content\/uploads\/2022\/12\/AVB.svg\u00bb image_icon_width=\u00bb60%\u00bb _builder_version=\u00bb4.19.3&#8243; _module_preset=\u00bbdefault\u00bb header_text_align=\u00bbcenter\u00bb header_text_color=\u00bb#ededed\u00bb header_font_size=\u00bb18px\u00bb body_text_color=\u00bb#ededed\u00bb global_colors_info=\u00bb{}\u00bb]<\/p>\n<p style=\"text-align: center;\">28%<\/p>\n<p>[\/et_pb_blurb][\/et_pb_column][\/et_pb_row][\/et_pb_section]<\/p>","protected":false},"excerpt":{"rendered":"<p>Descripci\u00f3n &nbsp; Mezcla de selectos alcoholes de ca\u00f1a de az\u00facar triplemente destilados, delicadamente combinados con las excepcionales propiedades y el caracter\u00edstico sabor de la masa de coco. No muy dulce, [&hellip;]<\/p>","protected":false},"author":3,"featured_media":0,"parent":0,"menu_order":0,"comment_status":"closed","ping_status":"closed","template":"","meta":{"_et_pb_use_builder":"on","_et_pb_old_content":"<!-- wp:divi\/placeholder \/-->","_et_gb_content_width":"","footnotes":""},"class_list":["post-79","page","type-page","status-publish","hentry"],"_links":{"self":[{"href":"https:\/\/macorixhouseofrum.com\/en\/wp-json\/wp\/v2\/pages\/79","targetHints":{"allow":["GET"]}}],"collection":[{"href":"https:\/\/macorixhouseofrum.com\/en\/wp-json\/wp\/v2\/pages"}],"about":[{"href":"https:\/\/macorixhouseofrum.com\/en\/wp-json\/wp\/v2\/types\/page"}],"author":[{"embeddable":true,"href":"https:\/\/macorixhouseofrum.com\/en\/wp-json\/wp\/v2\/users\/3"}],"replies":[{"embeddable":true,"href":"https:\/\/macorixhouseofrum.com\/en\/wp-json\/wp\/v2\/comments?post=79"}],"version-history":[{"count":14,"href":"https:\/\/macorixhouseofrum.com\/en\/wp-json\/wp\/v2\/pages\/79\/revisions"}],"predecessor-version":[{"id":247631,"href":"https:\/\/macorixhouseofrum.com\/en\/wp-json\/wp\/v2\/pages\/79\/revisions\/247631"}],"wp:attachment":[{"href":"https:\/\/macorixhouseofrum.com\/en\/wp-json\/wp\/v2\/media?parent=79"}],"curies":[{"name":"wp","href":"https:\/\/api.w.org\/{rel}","templated":true}]}}